{"id":257,"date":"2020-06-21T14:45:34","date_gmt":"2020-06-21T14:45:34","guid":{"rendered":"http:\/\/spd-kettwig.de\/?page_id=257"},"modified":"2020-06-21T14:53:51","modified_gmt":"2020-06-21T14:53:51","slug":"mitglied-werden","status":"publish","type":"page","link":"https:\/\/spd-kettwig.de\/?page_id=257","title":{"rendered":"Mitglied werden"},"content":{"rendered":"\n<p>Wir sind der SPD-Ortsverein im sch\u00f6nen Kettwig und zugleich am s\u00fcd-westlichen Rand der Stadt Essen. Wir k\u00fcmmern uns um das, was, bei uns im &#8222;Dorf&#8220; anliegt,  um W\u00fcnsche und Bed\u00fcrfnisse aus unserem Stadtteil, die auf Bezirksebene, auf st\u00e4dtischer Ebene oder landes- und bundesweit zu vertreten sind.  Wir setzen uns ein! Wir packen mit an!<\/p>\n\n\n\n<p>Wir haben ein offenes Ohr f\u00fcr Sie, wir sind im Dorf unterwegs und gerne k\u00f6nnen Sie uns ansprechen, wenn Sie uns treffen. Wir freuen uns, wenn Sie interessiert sind, sich k\u00fcmmern und b\u00fcrgerschaftlich bei uns in Essen aktiv sind.  <\/p>\n\n\n\n<p>Wir laden Sie auch herzlich ein, sich bei uns aktiv zu beteiligen und der SPD Kettwig beizutreten und gemeinsam mit uns sozialdemokratische Ziele zu verwirklichen. Sie k\u00f6nnen sich gerne an den Vorsitzenden Daniel Behmenburg pers\u00f6nlich wenden:<\/p>\n\n\n\n<figure class=\"wp-block-image size-large is-resized\"><img decoding=\"async\" loading=\"lazy\" src=\"http:\/\/spd-kettwig.de\/wp-content\/uploads\/2020\/06\/daniel_behmenburg_strohballen-1024x1024.jpg\" alt=\"\" class=\"wp-image-259\" width=\"674\" height=\"674\" srcset=\"https:\/\/spd-kettwig.de\/wp-content\/uploads\/2020\/06\/daniel_behmenburg_strohballen-1024x1024.jpg 1024w, https:\/\/spd-kettwig.de\/wp-content\/uploads\/2020\/06\/daniel_behmenburg_strohballen-300x300.jpg 300w, https:\/\/spd-kettwig.de\/wp-content\/uploads\/2020\/06\/daniel_behmenburg_strohballen-150x150.jpg 150w, https:\/\/spd-kettwig.de\/wp-content\/uploads\/2020\/06\/daniel_behmenburg_strohballen-768x768.jpg 768w, https:\/\/spd-kettwig.de\/wp-content\/uploads\/2020\/06\/daniel_behmenburg_strohballen-1536x1536.jpg 1536w, https:\/\/spd-kettwig.de\/wp-content\/uploads\/2020\/06\/daniel_behmenburg_strohballen-100x100.jpg 100w, https:\/\/spd-kettwig.de\/wp-content\/uploads\/2020\/06\/daniel_behmenburg_strohballen.jpg 1651w\" sizes=\"(max-width: 674px) 100vw, 674px\" \/><figcaption>daniel.behmenburg@googlemail.com<\/figcaption><\/figure>\n\n\n\n<p> Oder Sie k\u00f6nnen direkt ein <a href=\"https:\/\/www.spd.de\/unterstuetzen\/mitglied-werden\/\">Beitrittsformular<\/a> online ausf\u00fcllen.<\/p>\n\n\n\n<p><\/p>\n","protected":false},"excerpt":{"rendered":"<p>Wir sind der SPD-Ortsverein im sch\u00f6nen Kettwig und zugleich am s\u00fcd-westlichen Rand der Stadt Essen. Wir k\u00fcmmern uns um das, was, bei uns im &#8222;Dorf&#8220; anliegt, um W\u00fcnsche und Bed\u00fcrfnisse aus unserem Stadtteil, die auf Bezirksebene, auf st\u00e4dtischer Ebene oder landes- und bundesweit zu vertreten sind. Wir setzen uns ein! Wir packen mit an! Wir &hellip; <\/p>\n<p class=\"link-more\"><a href=\"https:\/\/spd-kettwig.de\/?page_id=257\" class=\"more-link\"><span class=\"screen-reader-text\">\u201eMitglied werden\u201c<\/span> weiterlesen<\/a><\/p>\n","protected":false},"author":6,"featured_media":0,"parent":0,"menu_order":0,"comment_status":"closed","ping_status":"closed","template":"","meta":[],"_links":{"self":[{"href":"https:\/\/spd-kettwig.de\/index.php?rest_route=\/wp\/v2\/pages\/257"}],"collection":[{"href":"https:\/\/spd-kettwig.de\/index.php?rest_route=\/wp\/v2\/pages"}],"about":[{"href":"https:\/\/spd-kettwig.de\/index.php?rest_route=\/wp\/v2\/types\/page"}],"author":[{"embeddable":true,"href":"https:\/\/spd-kettwig.de\/index.php?rest_route=\/wp\/v2\/users\/6"}],"replies":[{"embeddable":true,"href":"https:\/\/spd-kettwig.de\/index.php?rest_route=%2Fwp%2Fv2%2Fcomments&post=257"}],"version-history":[{"count":3,"href":"https:\/\/spd-kettwig.de\/index.php?rest_route=\/wp\/v2\/pages\/257\/revisions"}],"predecessor-version":[{"id":261,"href":"https:\/\/spd-kettwig.de\/index.php?rest_route=\/wp\/v2\/pages\/257\/revisions\/261"}],"wp:attachment":[{"href":"https:\/\/spd-kettwig.de\/index.php?rest_route=%2Fwp%2Fv2%2Fmedia&parent=257"}],"curies":[{"name":"wp","href":"https:\/\/api.w.org\/{rel}","templated":true}]}}