{"id":971,"date":"2023-04-02T10:18:53","date_gmt":"2023-04-02T08:18:53","guid":{"rendered":"http:\/\/spd-kettwig.de\/?page_id=971"},"modified":"2025-03-23T18:40:14","modified_gmt":"2025-03-23T17:40:14","slug":"stammtisch","status":"publish","type":"page","link":"http:\/\/spd-kettwig.de\/?page_id=971","title":{"rendered":"Stammtisch"},"content":{"rendered":"\n<p>An jedem dritten Donnerstag im Monat um 19.00 Uhr laden wir zum Stammtisch ein. <\/p>\n\n\n\n<p>Wir freuen uns sehr, dort in lockerer Atmosph\u00e4re mit interessierten Kettwigerinnen und Kettwigern ins Gespr\u00e4ch zu kommen. Gerne informieren wir in diesem Rahmen auch \u00fcber anstehende Projekte, die unseren Stadtteil betreffen, m\u00f6chten aber auch Ideen und Anregungen diskutieren. Mit Sicherheit werden die Stammtische die Geburtsstunde vieler guter Ideen sein, die wie dann gerne in Rat und Bezirksvertretung einbringen werden.<\/p>\n\n\n\n<p>Eine Anmeldung ist nicht verpflichtend, zur besseren Planung ist jedoch eine kurze R\u00fcckmeldung an&nbsp;<a href=\"mailto:anmeldung@kettwigander.ruhr\">anmeldung@kettwigander.ruhr<\/a>&nbsp;hilfreich.<\/p>\n\n\n\n<p><strong>Unsere Termine in 2025 (jeweils ab 19.00 Uhr):<\/strong><br><br>20. Februar<br>20. M\u00e4rz<br>17. April<br>15. Mai<br>19. Juni<br>21. August<br>18. September<br>16. Oktober<br>20. November<br>18. Dezember<\/p>\n\n\n\n<p><strong>Unsere Termine in 2024 (jeweils ab 19.00 Uhr):<\/strong><\/p>\n\n\n\n<p>18. Januar<br>15. Februar<br>21. M\u00e4rz<br>18. April<br>16. Mai<br>20. Juni<br>19. September<br>17. Oktober<br>21. November<br>19. Dezember<\/p>\n\n\n\n<p><strong>Unsere Termine in 2023 (jeweils ab 19.00 Uhr):<\/strong><\/p>\n\n\n\n<p>19. Januar<br>17. Februar<br>16. M\u00e4rz<br>20. April<br>11. Mai<br>15. Juni<br>20. Juli<br>17. August<br>21. September<br>19. Oktober<br>16. November<br>21. Dezember<\/p>\n","protected":false},"excerpt":{"rendered":"<p>An jedem dritten Donnerstag im Monat um 19.00 Uhr laden wir zum Stammtisch ein. Wir freuen uns sehr, dort in lockerer Atmosph\u00e4re mit interessierten Kettwigerinnen und Kettwigern ins Gespr\u00e4ch zu kommen. Gerne informieren wir in diesem Rahmen auch \u00fcber anstehende Projekte, die unseren Stadtteil betreffen, m\u00f6chten aber auch Ideen und Anregungen diskutieren. Mit Sicherheit werden &hellip; <\/p>\n<p class=\"link-more\"><a href=\"http:\/\/spd-kettwig.de\/?page_id=971\" class=\"more-link\"><span class=\"screen-reader-text\">\u201eStammtisch\u201c<\/span> weiterlesen<\/a><\/p>\n","protected":false},"author":1,"featured_media":0,"parent":0,"menu_order":0,"comment_status":"closed","ping_status":"closed","template":"","meta":[],"_links":{"self":[{"href":"http:\/\/spd-kettwig.de\/index.php?rest_route=\/wp\/v2\/pages\/971"}],"collection":[{"href":"http:\/\/spd-kettwig.de\/index.php?rest_route=\/wp\/v2\/pages"}],"about":[{"href":"http:\/\/spd-kettwig.de\/index.php?rest_route=\/wp\/v2\/types\/page"}],"author":[{"embeddable":true,"href":"http:\/\/spd-kettwig.de\/index.php?rest_route=\/wp\/v2\/users\/1"}],"replies":[{"embeddable":true,"href":"http:\/\/spd-kettwig.de\/index.php?rest_route=%2Fwp%2Fv2%2Fcomments&post=971"}],"version-history":[{"count":4,"href":"http:\/\/spd-kettwig.de\/index.php?rest_route=\/wp\/v2\/pages\/971\/revisions"}],"predecessor-version":[{"id":1110,"href":"http:\/\/spd-kettwig.de\/index.php?rest_route=\/wp\/v2\/pages\/971\/revisions\/1110"}],"wp:attachment":[{"href":"http:\/\/spd-kettwig.de\/index.php?rest_route=%2Fwp%2Fv2%2Fmedia&parent=971"}],"curies":[{"name":"wp","href":"https:\/\/api.w.org\/{rel}","templated":true}]}}