{"id":110,"date":"2019-07-17T07:08:15","date_gmt":"2019-07-17T07:08:15","guid":{"rendered":"http:\/\/spd-kettwig.de\/?page_id=110"},"modified":"2019-07-17T07:08:15","modified_gmt":"2019-07-17T07:08:15","slug":"impressum","status":"publish","type":"page","link":"http:\/\/spd-kettwig.de\/?page_id=110","title":{"rendered":"Impressum"},"content":{"rendered":"\n<h1><\/h1>\n\n\n\n<p>Verantwortlich f\u00fcr diese Seiten:<\/p>\n\n\n\n<p>SPD-Ortsverein Kettwig<\/p>\n\n\n\n<p>Daniel Behmenburg<br> Ruhrstra\u00dfe 49<br> 45219 Essen<\/p>\n\n\n\n<p>Telefon 02054 9699182<\/p>\n\n\n\n<p>Email Daniel.Behmenburg@googlemail.com<br>\n\u2014<br>\n<strong>Disclaimer \u2013 rechtliche Hinweise<\/strong><\/p>\n\n\n\n<p>1. Haftungsbeschr\u00e4nkung<\/p>\n\n\n\n<p>Die Inhalte dieser Website werden mit gr\u00f6\u00dftm\u00f6glicher Sorgfalt \nerstellt. Der Anbieter \u00fcbernimmt jedoch keine Gew\u00e4hr f\u00fcr die \nRichtigkeit, Vollst\u00e4ndigkeit und Aktualit\u00e4t der bereitgestellten \nInhalte. Die Nutzung der Inhalte der Website erfolgt auf eigene Gefahr \ndes Nutzers. Namentlich gekennzeichnete Beitr\u00e4ge geben die Meinung des \njeweiligen Autors und nicht immer die Meinung des Anbieters wieder. Mit \nder reinen Nutzung der Website des Anbieters kommt keinerlei \nVertragsverh\u00e4ltnis zwischen dem Nutzer und dem Anbieter zustande.<\/p>\n\n\n\n<p>2. Externe Links<\/p>\n\n\n\n<p>Diese Website enth\u00e4lt Verkn\u00fcpfungen zu Websites Dritter (\u201eexterne \nLinks\u201c). Diese Websites unterliegen der Haftung der jeweiligen \nBetreiber. Der Anbieter hat bei der erstmaligen Verkn\u00fcpfung der externen\n Links die fremden Inhalte daraufhin \u00fcberpr\u00fcft, ob etwaige \nRechtsverst\u00f6\u00dfe bestehen. Zu dem Zeitpunkt waren keine Rechtsverst\u00f6\u00dfe \nersichtlich. Der Anbieter hat keinerlei Einfluss auf die aktuelle und \nzuk\u00fcnftige Gestaltung und auf die Inhalte der verkn\u00fcpften Seiten. Das \nSetzen von externen Links bedeutet nicht, dass sich der Anbieter die \nhinter dem Verweis oder Link liegenden Inhalte zu Eigen macht. Eine \nst\u00e4ndige Kontrolle dieser externen Links ist f\u00fcr den Anbieter ohne \nkonkrete Hinweise auf Rechtsverst\u00f6\u00dfe nicht zumutbar. Bei Kenntnis von \nRechtsverst\u00f6\u00dfen werden jedoch derartige externe Links unverz\u00fcglich \ngel\u00f6scht.<\/p>\n\n\n\n<p>3. Urheber- und Leistungsschutzrechte<\/p>\n\n\n\n<p>Die auf dieser Website ver\u00f6ffentlichten Inhalte unterliegen dem \ndeutschen Urheber- und Leistungsschutzrecht. Jede vom deutschen Urheber-\n und Leistungsschutzrecht nicht zugelassene Verwertung bedarf der \nvorherigen schriftlichen Zustimmung des Anbieters oder jeweiligen \nRechteinhabers. Dies gilt insbesondere f\u00fcr Vervielf\u00e4ltigung, \nBearbeitung, \u00dcbersetzung, Einspeicherung, Verarbeitung bzw. Wiedergabe \nvon Inhalten in Datenbanken oder anderen elektronischen Medien und \nSystemen. Inhalte und Rechte Dritter sind dabei als solche \ngekennzeichnet. Die unerlaubte Vervielf\u00e4ltigung oder Weitergabe \neinzelner Inhalte oder kompletter Seiten ist nicht gestattet und \nstrafbar. Lediglich die Herstellung von Kopien und Downloads f\u00fcr den \npers\u00f6nlichen, privaten und nicht kommerziellen Gebrauch ist erlaubt.<\/p>\n\n\n\n<p>Die Darstellung dieser Website in fremden Frames ist nur mit schriftlicher Erlaubnis zul\u00e4ssig.<\/p>\n\n\n\n<p>4. Datenschutz<\/p>\n\n\n\n<p>Durch den Besuch der Website des Anbieters k\u00f6nnen Informationen \u00fcber \nden Zugriff (Datum, Uhrzeit, betrachtete Seite) gespeichert werden. \nDiese Daten geh\u00f6ren nicht zu den personenbezogenen Daten, sondern sind \nanonymisiert. Sie werden ausschlie\u00dflich zu statistischen Zwecken \nausgewertet. Eine Weitergabe an Dritte, zu kommerziellen oder \nnichtkommerziellen Zwecken, findet nicht statt.<\/p>\n\n\n\n<p>Der Anbieter weist ausdr\u00fccklich darauf hin, dass die Daten\u00fcbertragung\n im Internet (z.B. bei der Kommunikation per E-Mail) Sicherheitsl\u00fccken \naufweisen und nicht l\u00fcckenlos vor dem Zugriff durch Dritte gesch\u00fctzt \nwerden kann.<\/p>\n\n\n\n<p>Die Verwendung der Kontaktdaten des Impressums zur gewerblichen \nWerbung ist ausdr\u00fccklich nicht erw\u00fcnscht, es sei denn der Anbieter hatte\n zuvor seine schriftliche Einwilligung erteilt oder es besteht bereits \neine Gesch\u00e4ftsbeziehung. Der Anbieter und alle auf dieser Website \ngenannten Personen widersprechen hiermit jeder kommerziellen Verwendung \nund Weitergabe ihrer Daten.<\/p>\n\n\n\n<p>5. Besondere Nutzungsbedingungen<\/p>\n\n\n\n<p>Soweit besondere Bedingungen f\u00fcr einzelne Nutzungen dieser Website \nvon den vorgenannten Nummern 1. bis 4. abweichen, wird an entsprechender\n Stelle ausdr\u00fccklich darauf hingewiesen. In diesem Falle gelten im \njeweiligen Einzelfall die besonderen Nutzungsbedingungen.<\/p>\n\n\n\n<p>Quelle:&nbsp;<a href=\"http:\/\/www.juraforum.de\/\" target=\"_blank\" rel=\"noreferrer noopener\">JuraForum.de<\/a> &amp;&nbsp;<a href=\"http:\/\/www.bista.de\/\" target=\"_blank\" rel=\"noreferrer noopener\">bista.de<\/a> \u2013&nbsp;<a href=\"http:\/\/www.juraforum.de\/disclaimer_muster\/\" target=\"_blank\" rel=\"noreferrer noopener\">Disclaimer<\/a>,<a href=\"http:\/\/www.juraforum.de\/urteile\/\" target=\"_blank\" rel=\"noreferrer noopener\">Urteile<\/a>,&nbsp;<a href=\"http:\/\/www.juraforum.de\/forum\/\" target=\"_blank\" rel=\"noreferrer noopener\">Forum<\/a>,&nbsp;<a href=\"http:\/\/www.experten-branchenbuch.de\/\" target=\"_blank\" rel=\"noreferrer noopener\">Rechtsanw\u00e4lte<\/a> &amp;&nbsp;<a href=\"http:\/\/www.experten-branchenbuch.de\/%C3%BCbersetzer\/\" target=\"_blank\" rel=\"noreferrer noopener\">\u00dcbersetzer<\/a><\/p>\n","protected":false},"excerpt":{"rendered":"<p>Verantwortlich f\u00fcr diese Seiten: SPD-Ortsverein Kettwig Daniel Behmenburg Ruhrstra\u00dfe 49 45219 Essen Telefon 02054 9699182 Email Daniel.Behmenburg@googlemail.com \u2014 Disclaimer \u2013 rechtliche Hinweise 1. Haftungsbeschr\u00e4nkung Die Inhalte dieser Website werden mit gr\u00f6\u00dftm\u00f6glicher Sorgfalt erstellt. Der Anbieter \u00fcbernimmt jedoch keine Gew\u00e4hr f\u00fcr die Richtigkeit, Vollst\u00e4ndigkeit und Aktualit\u00e4t der bereitgestellten Inhalte. Die Nutzung der Inhalte der Website erfolgt &hellip; <\/p>\n<p class=\"link-more\"><a href=\"http:\/\/spd-kettwig.de\/?page_id=110\" class=\"more-link\"><span class=\"screen-reader-text\">\u201eImpressum\u201c<\/span> weiterlesen<\/a><\/p>\n","protected":false},"author":1,"featured_media":0,"parent":0,"menu_order":0,"comment_status":"closed","ping_status":"closed","template":"","meta":[],"_links":{"self":[{"href":"http:\/\/spd-kettwig.de\/index.php?rest_route=\/wp\/v2\/pages\/110"}],"collection":[{"href":"http:\/\/spd-kettwig.de\/index.php?rest_route=\/wp\/v2\/pages"}],"about":[{"href":"http:\/\/spd-kettwig.de\/index.php?rest_route=\/wp\/v2\/types\/page"}],"author":[{"embeddable":true,"href":"http:\/\/spd-kettwig.de\/index.php?rest_route=\/wp\/v2\/users\/1"}],"replies":[{"embeddable":true,"href":"http:\/\/spd-kettwig.de\/index.php?rest_route=%2Fwp%2Fv2%2Fcomments&post=110"}],"version-history":[{"count":1,"href":"http:\/\/spd-kettwig.de\/index.php?rest_route=\/wp\/v2\/pages\/110\/revisions"}],"predecessor-version":[{"id":111,"href":"http:\/\/spd-kettwig.de\/index.php?rest_route=\/wp\/v2\/pages\/110\/revisions\/111"}],"wp:attachment":[{"href":"http:\/\/spd-kettwig.de\/index.php?rest_route=%2Fwp%2Fv2%2Fmedia&parent=110"}],"curies":[{"name":"wp","href":"https:\/\/api.w.org\/{rel}","templated":true}]}}